{"id":1704,"date":"2018-09-21T15:22:04","date_gmt":"2018-09-21T13:22:04","guid":{"rendered":"http:\/\/www-recette.lsngroupe.com\/?page_id=1704"},"modified":"2022-12-05T10:18:56","modified_gmt":"2022-12-05T09:18:56","slug":"about-us","status":"publish","type":"page","link":"https:\/\/www.lsngroupe.com\/en\/about-us\/","title":{"rendered":"About us"},"content":{"rendered":"<div class=\"wpb-content-wrapper\"><section class=\"l-section wpb_row height_auto width_full\" id=\"history\" style=\"margin-top: 30px !important;\"><div class=\"l-section-h i-cf\" style=\"padding-bottom: 20px !important;\"><div class=\"g-cols vc_row type_default valign_top\"><div class=\"vc_col-sm-12 wpb_column vc_column_container animate_fade\"><div class=\"vc_column-inner\"><div class=\"wpb_wrapper\">\n\t<div class=\"wpb_text_column \">\n\t\t<div class=\"wpb_wrapper\">\n\t\t\t<h3 style=\"text-align: center;\"><strong><span style=\"color: #2b4377;\">Our history<\/span><\/strong><\/h3>\n\n\t\t<\/div>\n\t<\/div>\n<\/div><\/div><\/div><\/div><\/div><\/section><section class=\"l-section wpb_row height_auto\"><div class=\"l-section-h i-cf\"><div class=\"g-cols vc_row type_default valign_top\"><div class=\"vc_col-sm-12 wpb_column vc_column_container\"><div class=\"vc_column-inner\"><div class=\"wpb_wrapper\"><div class=\"g-cols wpb_row type_default valign_top vc_column-gap-10 vc_inner \"><div class=\"vc_col-sm-6 vc_col-md-3 wpb_column vc_column_container\"><div class=\"vc_column-inner\"><div class=\"wpb_wrapper\"><div class=\"w-counter size_6rem color_custom align_center font-bold\" data-initial=\"0\" data-target=\"1960\" data-prefix=\"\" data-suffix=\"\"><div class=\"w-counter-h\"><div class=\"w-counter-number\" style=\"font-family:&quot;Ubuntu&quot;, sans-serif;font-weight: 300;font-size:6rem;color:#4975aa;\">0<\/div><h6 class=\"w-counter-title\">Foundation of La S\u00e9curit\u00e9 Nouvelle<\/h6><\/div><\/div><\/div><\/div><\/div><div class=\"vc_col-sm-6 vc_col-md-3 wpb_column vc_column_container\"><div class=\"vc_column-inner\"><div class=\"wpb_wrapper\"><div class=\"w-counter size_6rem color_custom align_center font-bold\" data-initial=\"0\" data-target=\"1961\" data-prefix=\"\" data-suffix=\"\"><div class=\"w-counter-h\"><div class=\"w-counter-number\" style=\"font-family:&quot;Ubuntu&quot;, sans-serif;font-weight: 300;font-size:6rem;color:#0090bf;\">0<\/div><h6 class=\"w-counter-title\">The first Civil Liability contract for notaries was signed<\/h6><\/div><\/div><\/div><\/div><\/div><div class=\"vc_col-sm-6 vc_col-md-3 wpb_column vc_column_container\"><div class=\"vc_column-inner\"><div class=\"wpb_wrapper\"><div class=\"w-counter size_6rem color_custom align_center font-bold\" data-initial=\"0\" data-target=\"1984\" data-prefix=\"\" data-suffix=\"\"><div class=\"w-counter-h\"><div class=\"w-counter-number\" style=\"font-family:&quot;Ubuntu&quot;, sans-serif;font-weight: 300;font-size:6rem;color:#4975aa;\">0<\/div><h6 class=\"w-counter-title\">Creation of LSN R\u00e9assurances<\/h6><\/div><\/div><\/div><\/div><\/div><div class=\"vc_col-sm-6 vc_col-md-3 wpb_column vc_column_container\"><div class=\"vc_column-inner\"><div class=\"wpb_wrapper\"><div class=\"w-counter size_6rem color_custom align_center font-bold\" data-initial=\"0\" data-target=\"1997\" data-prefix=\"\" data-suffix=\"\"><div class=\"w-counter-h\"><div class=\"w-counter-number\" style=\"font-family:&quot;Ubuntu&quot;, sans-serif;font-weight: 300;font-size:6rem;color:#0090bf;\">0<\/div><h6 class=\"w-counter-title\">Regional Development (Lyon \u2013 Bordeaux \u2013 Lille)<\/h6><\/div><\/div><\/div><\/div><\/div><div class=\"vc_col-sm-6 vc_col-md-4 wpb_column vc_column_container\"><div class=\"vc_column-inner\"><div class=\"wpb_wrapper\"><div class=\"w-counter size_6rem color_custom align_center font-bold\" data-initial=\"0\" data-target=\"2010\" data-prefix=\"\" data-suffix=\"\"><div class=\"w-counter-h\"><div class=\"w-counter-number\" style=\"font-family:&quot;Ubuntu&quot;, sans-serif;font-weight: 300;font-size:6rem;color:#4975aa;\">0<\/div><h6 class=\"w-counter-title\">La S\u00e9curit\u00e9 Nouvelle became a member of the Diot SA group<\/h6><\/div><\/div><\/div><\/div><\/div><div class=\"vc_col-sm-6 vc_col-md-4 wpb_column vc_column_container\"><div class=\"vc_column-inner\"><div class=\"wpb_wrapper\"><div class=\"w-counter size_6rem color_custom align_center font-bold\" data-initial=\"0\" data-target=\"2011\" data-prefix=\"\" data-suffix=\"\"><div class=\"w-counter-h\"><div class=\"w-counter-number\" style=\"font-family:&quot;Ubuntu&quot;, sans-serif;font-weight: 300;font-size:6rem;color:#0090bf;\">0<\/div><h6 class=\"w-counter-title\">La S\u00e9curit\u00e9 Nouvelle became LSN Assurances<\/h6><\/div><\/div><div class=\"w-counter size_6rem color_custom align_center font-bold\" data-initial=\"0\" data-target=\"2022\" data-prefix=\"\" data-suffix=\"\"><div class=\"w-counter-h\"><div class=\"w-counter-number\" style=\"font-family:&quot;Ubuntu&quot;, sans-serif;font-weight: 300;font-size:6rem;color:#4975aa;\">0<\/div><h6 class=\"w-counter-title\">Geographical grouping of the LSN, Diot and Siaci St Honor\u00e9 teams<\/h6><\/div><\/div><\/div><\/div><\/div><div class=\"vc_col-sm-6 vc_col-md-offset-0 vc_col-md-4 vc_col-sm-offset-3 wpb_column vc_column_container\"><div class=\"vc_column-inner\"><div class=\"wpb_wrapper\"><div class=\"w-counter size_6rem color_custom align_center font-bold\" data-initial=\"0\" data-target=\"2019\" data-prefix=\"\" data-suffix=\"\"><div class=\"w-counter-h\"><div class=\"w-counter-number\" style=\"font-family:&quot;Ubuntu&quot;, sans-serif;font-weight: 300;font-size:6rem;color:#4975aa;\">0<\/div><h6 class=\"w-counter-title\">Moving and regrouping of the Groupe Burrus's Parisian entities in the 9th<\/h6><\/div><\/div><\/div><\/div><\/div><\/div>[vc_empty_space height=&#8221;15px&#8221; el_class=&#8221;vc_hidden-xs&#8221;]<\/div><\/div><\/div><\/div><\/div><\/section><section class=\"l-section wpb_row height_medium color_custom parallax_cover with_img parallax_ver parallaxdir_reversed with_overlay\" id=\"values\" style=\" color: #ffffff;\"><div class=\"l-section-img\" style=\"background-image: url(https:\/\/www.lsngroupe.com\/wp-content\/uploads\/2018\/07\/nousconnaitre.jpg);background-repeat: no-repeat;\" data-img-width=\"3900\" data-img-height=\"1300\"><\/div><div class=\"l-section-overlay\" style=\"background-color: rgba(99,77,117,0.9)\"><\/div><div class=\"l-section-h i-cf\" style=\"padding-top: 20px !important;padding-bottom: 20px !important;\"><div class=\"g-cols vc_row type_default valign_bottom\"><div class=\"vc_col-sm-1 vc_hidden-xs wpb_column vc_column_container animate_afb align_center\"><div class=\"vc_column-inner\"><div class=\"wpb_wrapper\"><\/div><\/div><\/div><div class=\"vc_col-sm-10 vc_col-xs-12 wpb_column vc_column_container\"><div class=\"vc_column-inner\"><div class=\"wpb_wrapper\">\n\t<div class=\"wpb_text_column \">\n\t\t<div class=\"wpb_wrapper\">\n\t\t\t<h3 style=\"text-align: center;\"><strong>Our values<\/strong><\/h3>\n<p>Because we are <strong>independent<\/strong>, we have 100% control of our corporate strategy and our customers therefore have a guarantee of the <strong>integrity<\/strong> of our choices.<\/p>\n<p>Building and maintaining a relationship of <strong>trust<\/strong> is a core principle that our teams undertake to uphold every day. This means in-depth knowledge of the business of our customers and <strong>listening<\/strong> to their needs.<\/p>\n<p>As experts in their fields, our account managers are committed to <strong>proactive<\/strong> management of their cases and <strong>innovation<\/strong> in the insurance solutions offered. Keeping abreast of new requirements is one of the ways to ensure that we always offer the best advice.<\/p>\n\n\t\t<\/div>\n\t<\/div>\n[vc_empty_space height=&#8221;30px&#8221; el_class=&#8221;vc_hidden-xs&#8221;]<\/div><\/div><\/div><div class=\"vc_col-sm-1 vc_hidden-xs wpb_column vc_column_container\"><div class=\"vc_column-inner\"><div class=\"wpb_wrapper\"><\/div><\/div><\/div><\/div><\/div><\/section><section class=\"l-section wpb_row height_auto width_full\" id=\"key-figures\"><div class=\"l-section-h i-cf\" style=\"padding-top: 20px !important;padding-bottom: 20px !important;\"><div class=\"g-cols vc_row type_default valign_top\"><div class=\"vc_col-sm-12 wpb_column vc_column_container animate_fade\"><div class=\"vc_column-inner\"><div class=\"wpb_wrapper\">[vc_empty_space height=&#8221;10px&#8221; el_class=&#8221;vc_hidden-xs&#8221;]\n\t<div class=\"wpb_text_column \">\n\t\t<div class=\"wpb_wrapper\">\n\t\t\t<h3 style=\"text-align: center;\"><strong><span style=\"color: #2b4377;\">Key Figures<\/span><\/strong><\/h3>\n\n\t\t<\/div>\n\t<\/div>\n<\/div><\/div><\/div><\/div><\/div><\/section><section class=\"l-section wpb_row height_auto\"><div class=\"l-section-h i-cf\"><div class=\"g-cols vc_row type_default valign_top\"><div class=\"vc_col-sm-1 vc_hidden-sm vc_hidden-xs wpb_column vc_column_container\"><div class=\"vc_column-inner\"><div class=\"wpb_wrapper\"><\/div><\/div><\/div><div class=\"vc_col-sm-12 vc_col-lg-10 vc_col-md-10 wpb_column vc_column_container\"><div class=\"vc_column-inner\"><div class=\"wpb_wrapper\"><div class=\"g-cols wpb_row type_default valign_top vc_inner \"><div class=\"vc_col-sm-4 wpb_column vc_column_container\"><div class=\"vc_column-inner\"><div class=\"wpb_wrapper\"><div class=\"w-counter size_6rem color_custom align_center font-bold\" data-initial=\"0\" data-target=\"39,2\" data-prefix=\"\" data-suffix=\"\"><div class=\"w-counter-h\"><div class=\"w-counter-number\" style=\"font-family:&quot;Ubuntu&quot;, sans-serif;font-weight: 300;font-size:6rem;color:#4975aa;\">0<\/div><h6 class=\"w-counter-title\">million euros turnover<\/h6><\/div><\/div><\/div><\/div><\/div><div class=\"vc_col-sm-4 wpb_column vc_column_container\"><div class=\"vc_column-inner\"><div class=\"wpb_wrapper\"><div class=\"w-counter size_6rem color_custom align_center font-bold\" data-initial=\"0\" data-target=\"229\" data-prefix=\"\" data-suffix=\"\"><div class=\"w-counter-h\"><div class=\"w-counter-number\" style=\"font-family:&quot;Ubuntu&quot;, sans-serif;font-weight: 300;font-size:6rem;color:#0090bf;\">0<\/div><h6 class=\"w-counter-title\">Staff<\/h6><\/div><\/div><\/div><\/div><\/div><div class=\"vc_col-sm-4 wpb_column vc_column_container\"><div class=\"vc_column-inner\"><div class=\"wpb_wrapper\"><div class=\"w-counter size_6rem color_custom align_center font-bold\" data-initial=\"0\" data-target=\"3\" data-prefix=\"\" data-suffix=\"\"><div class=\"w-counter-h\"><div class=\"w-counter-number\" style=\"font-family:&quot;Ubuntu&quot;, sans-serif;font-weight: 300;font-size:6rem;color:#4975aa;\">0<\/div><h6 class=\"w-counter-title\">Regional units<\/h6><\/div><\/div><\/div><\/div><\/div><\/div>[vc_empty_space height=&#8221;30px&#8221; el_class=&#8221;vc_hidden-xs&#8221;]<\/div><\/div><\/div><div class=\"vc_col-sm-1 vc_hidden-sm vc_hidden-xs wpb_column vc_column_container\"><div class=\"vc_column-inner\"><div class=\"wpb_wrapper\"><\/div><\/div><\/div><\/div><\/div><\/section><section class=\"l-section wpb_row height_auto color_custom with_overlay\" id=\"organisation\" style=\"background-color: #dbdbdb;\"><div class=\"l-section-overlay\" style=\"background-color: #737593\"><\/div><div class=\"l-section-h i-cf\" style=\"padding-top: 20px !important;padding-bottom: 20px !important;\"><div class=\"g-cols vc_row type_default valign_middle\"><div class=\"vc_col-sm-12 wpb_column vc_column_container animate_afb align_center\"><div class=\"vc_column-inner\"><div class=\"wpb_wrapper\">[vc_empty_space height=&#8221;10px&#8221; el_class=&#8221;vc_hidden-xs&#8221;]\n\t<div class=\"wpb_text_column \">\n\t\t<div class=\"wpb_wrapper\">\n\t\t\t<h3 style=\"text-align: center;\"><span style=\"color: #ffffff;\"><strong>Organisation<\/strong><\/span><\/h3>\n\n\t\t<\/div>\n\t<\/div>\n<div class=\"g-cols wpb_row type_default valign_top vc_inner \"><div class=\"vc_col-sm-2 wpb_column vc_column_container\"><div class=\"vc_column-inner\"><div class=\"wpb_wrapper\"><\/div><\/div><\/div><div class=\"vc_col-sm-8 wpb_column vc_column_container\"><div class=\"vc_column-inner\"><div class=\"wpb_wrapper\"><div class=\"w-image\"><div class=\"w-image-h\"><a href=\"https:\/\/www.lsngroupe.com\/wp-content\/uploads\/2021\/02\/organisation.png\" ref=\"magnificPopup\"><img loading=\"lazy\" decoding=\"async\" width=\"1273\" height=\"605\" src=\"https:\/\/www.lsngroupe.com\/wp-content\/uploads\/2021\/02\/organisation.png\" class=\"attachment-full size-full\" alt=\"\" srcset=\"https:\/\/www.lsngroupe.com\/wp-content\/uploads\/2021\/02\/organisation.png 1273w, https:\/\/www.lsngroupe.com\/wp-content\/uploads\/2021\/02\/organisation-300x143.png 300w, https:\/\/www.lsngroupe.com\/wp-content\/uploads\/2021\/02\/organisation-1024x487.png 1024w, https:\/\/www.lsngroupe.com\/wp-content\/uploads\/2021\/02\/organisation-500x238.png 500w, https:\/\/www.lsngroupe.com\/wp-content\/uploads\/2021\/02\/organisation-768x365.png 768w\" sizes=\"auto, (max-width: 1273px) 100vw, 1273px\" \/><\/a><\/div><\/div><\/div><\/div><\/div><div class=\"vc_col-sm-2 wpb_column vc_column_container\"><div class=\"vc_column-inner\"><div class=\"wpb_wrapper\"><\/div><\/div><\/div><\/div>[vc_empty_space height=&#8221;30px&#8221; el_class=&#8221;vc_hidden-xs&#8221;]<\/div><\/div><\/div><\/div><\/div><\/section><section class=\"l-section wpb_row height_auto width_full\" id=\"implementation\" style=\"margin-top: 30px !important;\"><div class=\"l-section-h i-cf\" style=\"padding-bottom: 20px !important;\"><div class=\"g-cols vc_row type_default valign_top\"><div class=\"vc_col-sm-12 wpb_column vc_column_container animate_fade\"><div class=\"vc_column-inner\"><div class=\"wpb_wrapper\">\n\t<div class=\"wpb_text_column \">\n\t\t<div class=\"wpb_wrapper\">\n\t\t\t<h3 style=\"text-align: center;\"><span style=\"color: #2b4377;\"><span style=\"caret-color: #2b4377;\"><b>Implementation<\/b><\/span><\/span><\/h3>\n\n\t\t<\/div>\n\t<\/div>\n<div class=\"g-cols wpb_row type_default valign_top vc_inner \"><div class=\"vc_col-sm-10 vc_hidden-lg vc_hidden-md vc_hidden-sm wpb_column vc_column_container\"><div class=\"vc_column-inner  vc_custom_1524583112074\"><div class=\"wpb_wrapper\"><div class=\"w-image align_center\"><div class=\"w-image-h\"><img loading=\"lazy\" decoding=\"async\" width=\"500\" height=\"515\" src=\"https:\/\/www.lsngroupe.com\/wp-content\/uploads\/2021\/02\/cartelsn-500x515.png\" class=\"attachment-us_500_0 size-us_500_0\" alt=\"\" srcset=\"https:\/\/www.lsngroupe.com\/wp-content\/uploads\/2021\/02\/cartelsn-500x515.png 500w, https:\/\/www.lsngroupe.com\/wp-content\/uploads\/2021\/02\/cartelsn-291x300.png 291w, https:\/\/www.lsngroupe.com\/wp-content\/uploads\/2021\/02\/cartelsn-994x1024.png 994w, https:\/\/www.lsngroupe.com\/wp-content\/uploads\/2021\/02\/cartelsn-768x791.png 768w, https:\/\/www.lsngroupe.com\/wp-content\/uploads\/2021\/02\/cartelsn.png 1416w\" sizes=\"auto, (max-width: 500px) 100vw, 500px\" \/><\/div><\/div><\/div><\/div><\/div><div class=\"vc_col-sm-5 vc_col-lg-offset-2 vc_col-lg-4 vc_col-md-offset-2 vc_col-md-4 vc_col-sm-offset-1 vc_col-xs-12 wpb_column vc_column_container\"><div class=\"vc_column-inner\"><div class=\"wpb_wrapper\">\n\t<div class=\"wpb_text_column \">\n\t\t<div class=\"wpb_wrapper\">\n\t\t\t<h6 style=\"text-align: center;\"><strong>En France<\/strong><\/h6>\n<h6 style=\"font-size: 0.9em;\"><a href=\"mailto:lsn@lsngroupe.com\"><strong>Si\u00e8ge :<\/strong><\/a> 39 rue Mstislav Rostropovitch \u2013 75017 PARIS CEDEX 17<br \/>\n<a href=\"mailto:lsnreassurances@lsngroupe.com\"><strong>LSN R\u00e9\u00a0Walbaum :<\/strong><\/a> 39 rue Mstislav Rostropovitch &#8211; 75017 PARIS CEDEX 17<br \/>\n<a href=\"mailto:pheslaut@lsngroupe.com\"><strong>N\u00e9otech :<\/strong><\/a> 39 rue Mstislav Rostropovitch &#8211; 75017 PARIS CEDEX 17<br \/>\n<strong>Exelia :<\/strong> 39 rue Mstislav Rostropovitch &#8211; 75017 PARIS CEDEX 17<\/h6>\n\n\t\t<\/div>\n\t<\/div>\n<\/div><\/div><\/div><div class=\"vc_col-sm-5 vc_col-lg-4 vc_col-md-4 vc_hidden-xs wpb_column vc_column_container\"><div class=\"vc_column-inner\"><div class=\"wpb_wrapper\"><div class=\"w-image align_center\"><div class=\"w-image-h\"><img loading=\"lazy\" decoding=\"async\" width=\"500\" height=\"515\" src=\"https:\/\/www.lsngroupe.com\/wp-content\/uploads\/2021\/02\/cartelsn-500x515.png\" class=\"attachment-us_500_0 size-us_500_0\" alt=\"\" srcset=\"https:\/\/www.lsngroupe.com\/wp-content\/uploads\/2021\/02\/cartelsn-500x515.png 500w, https:\/\/www.lsngroupe.com\/wp-content\/uploads\/2021\/02\/cartelsn-291x300.png 291w, https:\/\/www.lsngroupe.com\/wp-content\/uploads\/2021\/02\/cartelsn-994x1024.png 994w, https:\/\/www.lsngroupe.com\/wp-content\/uploads\/2021\/02\/cartelsn-768x791.png 768w, https:\/\/www.lsngroupe.com\/wp-content\/uploads\/2021\/02\/cartelsn.png 1416w\" sizes=\"auto, (max-width: 500px) 100vw, 500px\" \/><\/div><\/div><\/div><\/div><\/div><\/div><div class=\"g-cols wpb_row type_default valign_top vc_inner \"><div class=\"vc_col-sm-1 vc_col-lg-2 vc_col-md-2 vc_hidden-xs wpb_column vc_column_container\"><div class=\"vc_column-inner\"><div class=\"wpb_wrapper\"><\/div><\/div><\/div><div class=\"vc_col-sm-10 vc_col-lg-8 vc_col-md-8 vc_col-xs-12 wpb_column vc_column_container\"><div class=\"vc_column-inner\"><div class=\"wpb_wrapper\"><div class=\"w-separator type_short size_small thick_1 style_solid color_border align_center with_content\"><div class=\"w-separator-h\"><i class=\"fas fa-chevron-down\"><\/i><\/div><\/div>\n\t<div class=\"wpb_text_column \">\n\t\t<div class=\"wpb_wrapper\">\n\t\t\t<h6 style=\"text-align: center;\"><strong>Internationally with EOS Risq<\/strong><\/h6>\n<p><strong>In over 135 countries with Eos Risq <\/strong><\/p>\n<p>As an international partnership of market-leading, privately owned brokers, every EOSQ RISQ company offers the independance to find the best local and international solutions for your risk management issues. EOS RISQ partners work together to place multinational insurance programmes, delivering creative thinking, consistent contact at every stage and excellent service.<\/p>\n<p>EOS RISQ partner companies have combined revenues of over \u20ac1.2bn and offices in 37 countries. The partner companies are: Assiteca (Italy), Diot (France), Lockton International (United Kingdom and Ireland) and Vanbreda Risk &amp; Benefits (Benelux).<\/p>\n<p>Contact :\u00a0Mr. RoderickGlen &#8211;\u00a0Tel: + 33 44 79 64 77 &#8211;\u00a0Email : <u><a href=\"mailto:roderick.glen@eosrisq.fr\">roderick.glen@eosrisq.fr<\/a><\/u><\/p>\n\n\t\t<\/div>\n\t<\/div>\n<\/div><\/div><\/div><div class=\"vc_col-sm-1 vc_col-lg-2 vc_col-md-2 vc_hidden-xs wpb_column vc_column_container\"><div class=\"vc_column-inner\"><div class=\"wpb_wrapper\"><\/div><\/div><\/div><\/div>[vc_empty_space height=&#8221;15px&#8221; el_class=&#8221;vc_hidden-xs&#8221;]<\/div><\/div><\/div><\/div><\/div><\/section><section class=\"l-section wpb_row height_medium\"><div class=\"l-section-h i-cf\"><div class=\"g-cols vc_row type_default valign_top\"><div class=\"vc_col-sm-12 wpb_column vc_column_container\"><div class=\"vc_column-inner\"><div class=\"wpb_wrapper\"><\/div><\/div><\/div><\/div><\/div><\/section>\n<\/div>","protected":false},"excerpt":{"rendered":"Our history 0Foundation of La S\u00e9curit\u00e9 Nouvelle0The first Civil Liability contract for notaries was signed0Creation of LSN R\u00e9assurances0Regional Development (Lyon \u2013 Bordeaux \u2013 Lille)0La S\u00e9curit\u00e9 Nouvelle became a member of the Diot SA group0La S\u00e9curit\u00e9 Nouvelle became LSN Assurances0Geographical grouping of the LSN, Diot and Siaci St Honor\u00e9 teams0Moving and regrouping of the Groupe Burrus's...","protected":false},"author":111305,"featured_media":0,"parent":0,"menu_order":0,"comment_status":"closed","ping_status":"closed","template":"","meta":{"_locale":"en_US","_original_post":"1051","footnotes":""},"class_list":["post-1704","page","type-page","status-publish","hentry","en-US"],"_links":{"self":[{"href":"https:\/\/www.lsngroupe.com\/wp-json\/wp\/v2\/pages\/1704","targetHints":{"allow":["GET"]}}],"collection":[{"href":"https:\/\/www.lsngroupe.com\/wp-json\/wp\/v2\/pages"}],"about":[{"href":"https:\/\/www.lsngroupe.com\/wp-json\/wp\/v2\/types\/page"}],"author":[{"embeddable":true,"href":"https:\/\/www.lsngroupe.com\/wp-json\/wp\/v2\/users\/111305"}],"replies":[{"embeddable":true,"href":"https:\/\/www.lsngroupe.com\/wp-json\/wp\/v2\/comments?post=1704"}],"version-history":[{"count":20,"href":"https:\/\/www.lsngroupe.com\/wp-json\/wp\/v2\/pages\/1704\/revisions"}],"predecessor-version":[{"id":3094,"href":"https:\/\/www.lsngroupe.com\/wp-json\/wp\/v2\/pages\/1704\/revisions\/3094"}],"wp:attachment":[{"href":"https:\/\/www.lsngroupe.com\/wp-json\/wp\/v2\/media?parent=1704"}],"curies":[{"name":"wp","href":"https:\/\/api.w.org\/{rel}","templated":true}]}}