{"id":1782,"date":"2018-10-30T14:19:51","date_gmt":"2018-10-30T13:19:51","guid":{"rendered":"http:\/\/www-recette.lsngroupe.com\/?page_id=1782"},"modified":"2022-11-14T16:39:01","modified_gmt":"2022-11-14T15:39:01","slug":"legal-mentions","status":"publish","type":"page","link":"https:\/\/www.lsngroupe.com\/en\/legal-mentions\/","title":{"rendered":"Legal mentions"},"content":{"rendered":"<div class=\"wpb-content-wrapper\"><section class=\"l-section wpb_row height_medium\"><div class=\"l-section-h i-cf\"><div class=\"g-cols vc_row type_default valign_top\"><div class=\"vc_col-sm-12 wpb_column vc_column_container\"><div class=\"vc_column-inner\"><div class=\"wpb_wrapper\">\n\t<div class=\"wpb_text_column \">\n\t\t<div class=\"wpb_wrapper\">\n\t\t\t<p><strong>EDITEUR DU SITE<\/strong><\/p>\n<p><span class=\"blue-text\"><strong>LSN Assurances<\/strong><\/span><br \/>\nEst une Soci\u00e9t\u00e9 par actions simplifi\u00e9e au capital de 3.978.810,90 euros.<br \/>\nSon si\u00e8ge social est situ\u00e9 au 39 rue Mstislav Rostropovitch \u2013 75815 Paris Cedex 17.<br \/>\nSon num\u00e9ro d\u2019immatriculation au RCS de Paris est : 388 123 069 (SIREN).<br \/>\nEst une soci\u00e9t\u00e9 de courtage en assurance soumise aux dispositions du Code des assurances et immatricul\u00e9e \u00e0 l\u2019ORIAS (<a href=\"https:\/\/www.orias.fr\/\" target=\"_blank\" rel=\"noopener\">www.orias.fr<\/a>) sous le n\u00b0 07 000 473.<br \/>\nEst soumise au contr\u00f4le de l\u2019ACPR (Autorit\u00e9 de Contr\u00f4le Prudentiel et de R\u00e9solution) situ\u00e9e 4 place de Budapest &#8211; \u00a0CS 92459 &#8211; 75436 Paris Cedex 9 (<a href=\"http:\/\/www.acpr.banque-france.fr\/\" target=\"_blank\" rel=\"noopener\">www.acpr.banque-france.fr<\/a>).<br \/>\nSon num\u00e9ro individuel d\u2019identification TVA est : FR 37 388 123 069<\/p>\n<p><strong><span class=\"blue-text\">Contact :<\/span><\/strong><br \/>\nAdresse \u00e9lectronique :\u00a0<a href=\"mailto:lsn@lsngroupe.com\">lsn@lsngroupe.com<\/a><br \/>\nDirecteur de la publication :\u00a0M. Anne-Jacques de DINECHIN.<\/p>\n<p><strong>HEBERGEUR DU SITE<\/strong><\/p>\n<p>GIE Groupe Burrus Technologies<br \/>\n39 rue Mstislav Rostropovitch \u2013 75815 Paris Cedex 17<\/p>\n<p><strong>LOI APPLICABLE<\/strong><\/p>\n<p>Le pr\u00e9sent site est r\u00e9gi par la loi fran\u00e7aise. Comp\u00e9tence est donn\u00e9e au tribunal de Paris pour tout r\u00e8glement de litige.<\/p>\n<p><strong>CONDITIONS D\u2019UTILISATION DU SITE INTERNET<\/strong><\/p>\n<p>Vous \u00eates actuellement connect\u00e9 au site internet\u00a0<a href=\"http:\/\/www.lsnassurances.com\/\">www.lsngroupe.com<\/a>. En acc\u00e9dant \u00e0 ce site, vous vous engagez \u00e0 vous conformer \u00e0 la r\u00e9glementation en vigueur ainsi qu\u2019aux pr\u00e9sentes conditions d\u2019utilisation. Les pr\u00e9sentes conditions d\u2019utilisation \u00e9tant r\u00e9guli\u00e8rement mises \u00e0 jour, nous vous invitons \u00e0 consulter cette page \u00e0 l\u2019occasion de chaque connexion \u00e0 ce site.<br \/>\nVous pouvez nous contacter pour toute question sur le fonctionnement du site \u00e0 l\u2019adresse suivante :\u00a0<a href=\"mailto:lsn@lsngroupe.com\">lsn@lsngroupe.com<\/a>. Nous attirons votre attention sur le fait que les messages que vous nous adresserez par l\u2019interm\u00e9diaire d\u2019Internet peuvent \u00eatre intercept\u00e9s sur le r\u00e9seau. Jusqu\u2019\u00e0 ce qu\u2019ils nous parviennent, leur confidentialit\u00e9 ne peut \u00eatre garantie.<\/p>\n<p><strong>PROPRIETE INTELLECTUELLE<\/strong><\/p>\n<p>Tous les \u00e9l\u00e9ments de toute nature (images fixes, images anim\u00e9es, bases de donn\u00e9es, marques, illustrations, logos, dessins, mod\u00e8les, mise en page, documents t\u00e9l\u00e9chargeables etc.) contenus dans ce site sont prot\u00e9g\u00e9s en tant qu\u2019\u0153uvre de l\u2019esprit par la l\u00e9gislation en vigueur en France en mati\u00e8re de propri\u00e9t\u00e9 intellectuelle, et notamment le droit d\u2019auteur, les droits voisins, le droit des marques, le droit \u00e0 l\u2019image, ainsi que par la l\u00e9gislation internationale.<br \/>\nCes \u00e9l\u00e9ments restent la propri\u00e9t\u00e9 exclusive de\u00a0<strong><span class=\"blue-text\">LSN Assurances<\/span><\/strong>, sauf mentions particuli\u00e8res.<br \/>\nA ce titre, sauf autorisation pr\u00e9alable et \u00e9crite de\u00a0<span class=\"blue-text\"><strong>LSN Assurances<\/strong><\/span>, toute reproduction, repr\u00e9sentation, adaptation, modification partielle ou int\u00e9grale de tout \u00e9l\u00e9ment composant le site, par quelque moyen que ce soit, est interdite sous peine de poursuite judiciaire.<\/p>\n<p><strong>LIMITATION DE RESPONSABILITE<\/strong><\/p>\n<p><strong><span class=\"blue-text\">LSN Assurances<\/span><\/strong>\u00a0ne saurait \u00eatre tenue responsable des dommages directs ou indirects qui pourraient r\u00e9sulter de l\u2019acc\u00e8s ou de l\u2019utilisation du site ou des informations qui y figurent quelle qu\u2019en soit la nature.<br \/>\n<strong><span class=\"blue-text\">LSN Assurances<\/span><\/strong>\u00a0d\u00e9cline toute responsabilit\u00e9 concernant l\u2019opportunit\u00e9 des d\u00e9cisions prises par les utilisateurs sur la seule foi des informations publi\u00e9es sur le site, et les modalit\u00e9s d\u2019ex\u00e9cution desdites d\u00e9cisions.<br \/>\n<strong><span class=\"blue-text\">LSN Assurances<\/span><\/strong>\u00a0se r\u00e9serve le droit de modifier \u00e0 tout moment le contenu du pr\u00e9sent site, notamment \u00e0 des fins d\u2019actualisation.<br \/>\n<strong><span class=\"blue-text\">LSN Assurances<\/span><\/strong>\u00a0d\u00e9cline toute responsabilit\u00e9 en cas de dommages subis par l\u2019utilisateur \u00e0 raison notamment de la perte, de la d\u00e9t\u00e9rioration ou de l\u2019alt\u00e9ration de fichiers, de la transmission de virus qui pourraient infecter son \u00e9quipement informatique ou tout autre bien \u00e0 l\u2019occasion de la connexion et\/ou de l\u2019utilisation du site.<br \/>\nLes liens hypertextes \u00e9tablis directement ou indirectement par ce site peuvent orienter l\u2019utilisateur vers des sites ext\u00e9rieurs dont le contenu ne peut en aucune mani\u00e8re engager la responsabilit\u00e9 de\u00a0<strong><span class=\"blue-text\">LSN Assurances<\/span><\/strong>.<\/p>\n<p><strong>RECLAMATIONS<\/strong><\/p>\n<p><strong><span class=\"grey-text\">Traitement des r\u00e9clamations<\/span><sup>[1]<\/sup>\u00a0:<\/strong><\/p>\n<p>Si vous avez un probl\u00e8me, privil\u00e9giez un contact avec votre interlocuteur habituel qui mettra tout en \u0153uvre pour trouver une solution imm\u00e9diate. Dans le cas contraire votre demande sera transmise aux personnes les plus \u00e0 m\u00eame de r\u00e9soudre votre r\u00e9clamation.<\/p>\n<p>Vous pouvez aussi \u00e9crire \u00e0\u00a0:<\/p>\n<ul>\n<li><a href=\"mailto:reclamations@lsngroupe.com\">reclamations@lsngroupe.com<\/a>\u00a0ou<\/li>\n<li><strong><span class=\"blue-text\">LSN Assurances<\/span><\/strong> Secr\u00e9tariat g\u00e9n\u00e9ral 39 rue Mstislav Rostropovitch 75815 Paris Cedex 17<\/li>\n<\/ul>\n<p>Dans tous les cas, nous nous engageons\u00a0:<\/p>\n<ul>\n<li>\u00e0 accuser r\u00e9ception de votre demande sous dix jours<\/li>\n<li>\u00e0 vous envoyer une r\u00e9ponse dans les deux mois \u00e0 compter de la r\u00e9ception de la totalit\u00e9 des \u00e9l\u00e9ments de votre r\u00e9clamation.<\/li>\n<\/ul>\n<p>Si vous n\u2019\u00eates pas satisfait de la r\u00e9ponse apport\u00e9e, vous pouvez transmettre votre r\u00e9clamation \u00e0 :<\/p>\n<p><em>La M\u00e9diation de l\u2019Assurance <\/em>&#8211; TSA 50110 &#8211; 75441 Paris Cedex 09<\/p>\n<p><a href=\"http:\/\/www.mediation-assurance.org\/Saisir+le+mediateur\">www.mediation-assurance.org<\/a> (rubrique &#8220;saisir le m\u00e9diateur&#8221;)<\/p>\n<p>&nbsp;<\/p>\n<p>[1]\u00a0Selon la recommandation ACPR, \u00ab\u00a0<em>une r\u00e9clamation est une d\u00e9claration actant le m\u00e9contentement d\u2019un client envers un professionnel ; une demande de service ou de prestation, une demande d\u2019information, de clarification ou une demande d\u2019avis n\u2019est pas une r\u00e9clamation<\/em>\u00a0\u00bb<\/p>\n<p><a href=\"http:\/\/www.lsngroupe.com\/php\/wp-content\/uploads\/2018\/12\/RGPD.pdf\">Notice relative \u00e0 la protection des donn\u00e9es personnelles<\/a><\/p>\n\n\t\t<\/div>\n\t<\/div>\n<\/div><\/div><\/div><\/div><\/div><\/section>\n<\/div>","protected":false},"excerpt":{"rendered":"EDITEUR DU SITE LSN Assurances Est une Soci\u00e9t\u00e9 par actions simplifi\u00e9e au capital de 3.978.810,90 euros. Son si\u00e8ge social est situ\u00e9 au 39 rue Mstislav Rostropovitch \u2013 75815 Paris Cedex 17. Son num\u00e9ro d\u2019immatriculation au RCS de Paris est : 388 123 069 (SIREN). Est une soci\u00e9t\u00e9 de courtage en assurance soumise aux dispositions du...","protected":false},"author":111305,"featured_media":0,"parent":0,"menu_order":0,"comment_status":"closed","ping_status":"closed","template":"","meta":{"_locale":"en_US","_original_post":"1643","footnotes":""},"class_list":["post-1782","page","type-page","status-publish","hentry","en-US"],"_links":{"self":[{"href":"https:\/\/www.lsngroupe.com\/wp-json\/wp\/v2\/pages\/1782","targetHints":{"allow":["GET"]}}],"collection":[{"href":"https:\/\/www.lsngroupe.com\/wp-json\/wp\/v2\/pages"}],"about":[{"href":"https:\/\/www.lsngroupe.com\/wp-json\/wp\/v2\/types\/page"}],"author":[{"embeddable":true,"href":"https:\/\/www.lsngroupe.com\/wp-json\/wp\/v2\/users\/111305"}],"replies":[{"embeddable":true,"href":"https:\/\/www.lsngroupe.com\/wp-json\/wp\/v2\/comments?post=1782"}],"version-history":[{"count":10,"href":"https:\/\/www.lsngroupe.com\/wp-json\/wp\/v2\/pages\/1782\/revisions"}],"predecessor-version":[{"id":3077,"href":"https:\/\/www.lsngroupe.com\/wp-json\/wp\/v2\/pages\/1782\/revisions\/3077"}],"wp:attachment":[{"href":"https:\/\/www.lsngroupe.com\/wp-json\/wp\/v2\/media?parent=1782"}],"curies":[{"name":"wp","href":"https:\/\/api.w.org\/{rel}","templated":true}]}}